{"id":12,"date":"2021-06-18T13:21:57","date_gmt":"2021-06-18T11:21:57","guid":{"rendered":"https:\/\/www.krex.pl\/en\/?page_id=12"},"modified":"2025-09-01T12:21:23","modified_gmt":"2025-09-01T10:21:23","slug":"home","status":"publish","type":"page","link":"https:\/\/www.krex.pl\/en\/","title":{"rendered":"Home"},"content":{"rendered":"\n<div id=\"hero_video-block_60d055f1a1730\" class=\"hero_video\" >\n    <video class=\"hero_video__video\" loop autoplay crossorigin muted preload src=\"https:\/\/www.krex.pl\/en\/wp-content\/uploads\/filmy\/KREX-15s.mp4\">\n        Przepraszamy ale Twoja przegl\u0105darka nie potrafi odtwarza\u0107 film\u00f3w za pomoc\u0105 HTML5.\n        Nie przejmuj si\u0119, bo <a href=\"videofile.ogg\">mo\u017cesz go st\u0105d pobra\u0107<\/a>\n        i ogl\u0105da\u0107 za pomoc\u0105 swojego ulubionego odtwarzacza!\n    <\/video>\n    <div class=\"hero_video__description py-120\">\n        <div class=\"container-narrow hero_video__inner_description\">\n            \n\n<h1 class=\"wp-block-heading has-text-align-center display-1 has-white-color has-text-color\" style=\"line-height:1\">Krex is a leader in supplying energy, manufacturing and agricultural industries with highest quality products<\/h1>\n\n\n\n<p class=\"has-text-align-center has-white-color has-text-color\">We&#8217;re a highly valued distributor of wood chips, pellets, coal, de-icing salt and mineral fertilizers. <br>We also have our own handling terminals at the borders in <br>Czuprynowo and Siemian\u00f3wka.<\/p>\n\n\n\n<div class=\"wp-block-buttons is-horizontal is-content-justification-center is-layout-flex wp-container-core-buttons-is-layout-499968f5 wp-block-buttons-is-layout-flex\">\n<div class=\"wp-block-button btn-primary\"><a class=\"wp-block-button__link wp-element-button\" href=\"https:\/\/www.krex.pl\/en\/offer\/\" rel=\"\">Our offer<\/a><\/div>\n<\/div>\n\n\n\n<p><\/p>\n\n        <\/div>\n    <\/div>\n<\/div>\n\n\n<div class=\"wp-block-group container mb-120\"><div class=\"wp-block-group__inner-container is-layout-flow wp-block-group-is-layout-flow\"><\/div><\/div>\n\n\n\n<h2 class=\"wp-block-heading has-text-align-center display-1\" id=\"oferta\" style=\"line-height:1\">Check our offer<\/h2>\n\n\n\n<div id=\"krex_separator-block_60d05d0ea1735\" class=\"krex_separator aligncenter\" >\n    <svg xmlns=\"http:\/\/www.w3.org\/2000\/svg\" width=\"263\" height=\"7\" viewBox=\"0 0 263 7\">\n        <rect id=\"Rectangle_14\" data-name=\"Rectangle 14\" width=\"49\" height=\"7\" transform=\"translate(214)\" fill=\"#11499e\"\/>\n        <rect id=\"Rectangle_15\" data-name=\"Rectangle 15\" width=\"214\" height=\"1\" transform=\"translate(0 3)\" fill=\"#dedede\"\/>\n    <\/svg>\n<\/div>\n\n\n<div id=\"offer_list-block_60d05c06a1734\" class=\"container offer_list mb-120\">\n    <div>\n        \n\n<p><\/p>\n\n    <\/div>\n                    <div class=\"offer_list__list offer_list__even\">\n                                            <a class=\"offer__card\" href=\"https:\/\/www.krex.pl\/en\/offer\/wood-chips\/\">\n                    <div class=\"offer__thumbnail\">\n                        <img loading=\"lazy\" decoding=\"async\" width=\"1335\" height=\"851\" src=\"https:\/\/www.krex.pl\/en\/wp-content\/uploads\/2021\/06\/krex-zrebka-drzewna.jpeg\" class=\"attachment-post-thumbnail size-post-thumbnail wp-post-image\" alt=\"\" srcset=\"https:\/\/www.krex.pl\/en\/wp-content\/uploads\/2021\/06\/krex-zrebka-drzewna.jpeg 1335w, https:\/\/www.krex.pl\/en\/wp-content\/uploads\/2021\/06\/krex-zrebka-drzewna-300x191.jpeg 300w, https:\/\/www.krex.pl\/en\/wp-content\/uploads\/2021\/06\/krex-zrebka-drzewna-1024x653.jpeg 1024w, https:\/\/www.krex.pl\/en\/wp-content\/uploads\/2021\/06\/krex-zrebka-drzewna-768x490.jpeg 768w, https:\/\/www.krex.pl\/en\/wp-content\/uploads\/2021\/06\/krex-zrebka-drzewna-600x382.jpeg 600w\" sizes=\"auto, (max-width: 1335px) 100vw, 1335px\" \/>                    <\/div>\n                    <div class=\"offer__info\">\n                        <h3 class=\"offer__title\">Wood chips<\/h3>\n                        <p class=\"offer__description\">KREX offers energy chips and technological chips<\/p>\n                        <span class=\"offer__link\">\n                            Check our offer\n                            <svg class=\"krex_icon\" width=\"16\" height=\"16\">\n                                <use xlink:href=\"#chevron_right\"><\/use>\n                            <\/svg>\n                        <\/span>\n                    <\/div>\n                <\/a>\n                                            <a class=\"offer__card\" href=\"https:\/\/www.krex.pl\/en\/offer\/fertilizers\/\">\n                    <div class=\"offer__thumbnail\">\n                        <img loading=\"lazy\" decoding=\"async\" width=\"1335\" height=\"890\" src=\"https:\/\/www.krex.pl\/en\/wp-content\/uploads\/2021\/06\/krex-nawozy.jpeg\" class=\"attachment-post-thumbnail size-post-thumbnail wp-post-image\" alt=\"\" srcset=\"https:\/\/www.krex.pl\/en\/wp-content\/uploads\/2021\/06\/krex-nawozy.jpeg 1335w, https:\/\/www.krex.pl\/en\/wp-content\/uploads\/2021\/06\/krex-nawozy-300x200.jpeg 300w, https:\/\/www.krex.pl\/en\/wp-content\/uploads\/2021\/06\/krex-nawozy-1024x683.jpeg 1024w, https:\/\/www.krex.pl\/en\/wp-content\/uploads\/2021\/06\/krex-nawozy-768x512.jpeg 768w, https:\/\/www.krex.pl\/en\/wp-content\/uploads\/2021\/06\/krex-nawozy-600x400.jpeg 600w\" sizes=\"auto, (max-width: 1335px) 100vw, 1335px\" \/>                    <\/div>\n                    <div class=\"offer__info\">\n                        <h3 class=\"offer__title\">Mineral fertilizers<\/h3>\n                        <p class=\"offer__description\">We&#8217;ve been supplying farmers with means of agricultural production for many years. We import urea, multi-component fertilizers, ammonium phosphate, potassium salt. <\/p>\n                        <span class=\"offer__link\">\n                            Check our offer\n                            <svg class=\"krex_icon\" width=\"16\" height=\"16\">\n                                <use xlink:href=\"#chevron_right\"><\/use>\n                            <\/svg>\n                        <\/span>\n                    <\/div>\n                <\/a>\n                                            <a class=\"offer__card\" href=\"https:\/\/www.krex.pl\/en\/offer\/de-icing-salt\/\">\n                    <div class=\"offer__thumbnail\">\n                        <img loading=\"lazy\" decoding=\"async\" width=\"1335\" height=\"866\" src=\"https:\/\/www.krex.pl\/en\/wp-content\/uploads\/2021\/06\/krex-sol-drogowa.jpeg\" class=\"attachment-post-thumbnail size-post-thumbnail wp-post-image\" alt=\"\" srcset=\"https:\/\/www.krex.pl\/en\/wp-content\/uploads\/2021\/06\/krex-sol-drogowa.jpeg 1335w, https:\/\/www.krex.pl\/en\/wp-content\/uploads\/2021\/06\/krex-sol-drogowa-300x195.jpeg 300w, https:\/\/www.krex.pl\/en\/wp-content\/uploads\/2021\/06\/krex-sol-drogowa-1024x664.jpeg 1024w, https:\/\/www.krex.pl\/en\/wp-content\/uploads\/2021\/06\/krex-sol-drogowa-768x498.jpeg 768w, https:\/\/www.krex.pl\/en\/wp-content\/uploads\/2021\/06\/krex-sol-drogowa-600x389.jpeg 600w\" sizes=\"auto, (max-width: 1335px) 100vw, 1335px\" \/>                    <\/div>\n                    <div class=\"offer__info\">\n                        <h3 class=\"offer__title\">De-icing salt<\/h3>\n                        <p class=\"offer__description\">We offer de-icing salt containing a minimal, 90% amount of sodium chloride.<\/p>\n                        <span class=\"offer__link\">\n                            Check our offer\n                            <svg class=\"krex_icon\" width=\"16\" height=\"16\">\n                                <use xlink:href=\"#chevron_right\"><\/use>\n                            <\/svg>\n                        <\/span>\n                    <\/div>\n                <\/a>\n                                            <a class=\"offer__card\" href=\"https:\/\/www.krex.pl\/en\/offer\/wegiel\/\">\n                    <div class=\"offer__thumbnail\">\n                        <img loading=\"lazy\" decoding=\"async\" width=\"1880\" height=\"1253\" src=\"https:\/\/www.krex.pl\/en\/wp-content\/uploads\/2021\/06\/Layer-162.jpg\" class=\"attachment-post-thumbnail size-post-thumbnail wp-post-image\" alt=\"\" srcset=\"https:\/\/www.krex.pl\/en\/wp-content\/uploads\/2021\/06\/Layer-162.jpg 1880w, https:\/\/www.krex.pl\/en\/wp-content\/uploads\/2021\/06\/Layer-162-300x200.jpg 300w, https:\/\/www.krex.pl\/en\/wp-content\/uploads\/2021\/06\/Layer-162-1024x682.jpg 1024w, https:\/\/www.krex.pl\/en\/wp-content\/uploads\/2021\/06\/Layer-162-768x512.jpg 768w, https:\/\/www.krex.pl\/en\/wp-content\/uploads\/2021\/06\/Layer-162-1536x1024.jpg 1536w, https:\/\/www.krex.pl\/en\/wp-content\/uploads\/2021\/06\/Layer-162-600x400.jpg 600w\" sizes=\"auto, (max-width: 1880px) 100vw, 1880px\" \/>                    <\/div>\n                    <div class=\"offer__info\">\n                        <h3 class=\"offer__title\">Hard coal<\/h3>\n                        <p class=\"offer__description\">KREX offers a wide range of highest quality imported solid fuels. We&#8217;ve been on the market for more than 30 years.<\/p>\n                        <span class=\"offer__link\">\n                            Check our offer\n                            <svg class=\"krex_icon\" width=\"16\" height=\"16\">\n                                <use xlink:href=\"#chevron_right\"><\/use>\n                            <\/svg>\n                        <\/span>\n                    <\/div>\n                <\/a>\n                    <\/div>\n    <\/div>\n\n\n\n<div id=\"terminals-block_60d05e96a9742\" class=\"container-fluid terminals mb-120\" >\n    <div class=\"background-fancy terminals__top krex_dots_before krex_dots_after\">\n        <div class=\"container background-fancy-container pb-60\">\n            \n\n<h2 class=\"wp-block-heading has-text-align-center display-1\" style=\"line-height:1\">Handling-manufacturing terminals <br>in Czuprynowo and Siemian\u00f3wka<\/h2>\n\n\n\n<div id=\"krex_separator-block_60d05eeea9743\" class=\"krex_separator aligncenter\" >\n    <svg xmlns=\"http:\/\/www.w3.org\/2000\/svg\" width=\"263\" height=\"7\" viewBox=\"0 0 263 7\">\n        <rect id=\"Rectangle_14\" data-name=\"Rectangle 14\" width=\"49\" height=\"7\" transform=\"translate(214)\" fill=\"#11499e\"\/>\n        <rect id=\"Rectangle_15\" data-name=\"Rectangle 15\" width=\"214\" height=\"1\" transform=\"translate(0 3)\" fill=\"#dedede\"\/>\n    <\/svg>\n<\/div>\n\n\n<p class=\"has-text-align-center\">Currently Krex Ltd has two handling terminals located in Czuprynowo near Ku\u017anica<br> Bia\u0142ostocka and in Siemian\u00f3wko. Favourable locations, beside the border crossings of both<br> handling terminals, influence the pace and quality of our services and guarantee<br> comprehensive customer service to our clients.<\/p>\n\n\n\n<div class=\"wp-block-columns is-layout-flex wp-container-core-columns-is-layout-9d6595d7 wp-block-columns-is-layout-flex\">\n<div class=\"wp-block-column is-layout-flow wp-block-column-is-layout-flow\">\n<div id=\"counter-block_60d05f9ea9745\" class=\" counter aligncenter\" >\n    <div class=\"counter__heading\">\n        <span class=\"counter__number\">\n            3        <\/span>\n        <span class=\"counter__title\">\n            mln ton        <\/span>\n    <\/div>\n    <div class=\"counter__description\">\n       annual reloading capacity    <\/div>\n<\/div><\/div>\n\n\n\n<div class=\"wp-block-column is-layout-flow wp-block-column-is-layout-flow\">\n<div id=\"counter-block_60d05fcba9747\" class=\" counter aligncenter\" >\n    <div class=\"counter__heading\">\n        <span class=\"counter__number\">\n            27        <\/span>\n        <span class=\"counter__title\">\n            ha        <\/span>\n    <\/div>\n    <div class=\"counter__description\">\n       storage surface    <\/div>\n<\/div><\/div>\n\n\n\n<div class=\"wp-block-column is-layout-flow wp-block-column-is-layout-flow\">\n<div id=\"counter-block_60d05fcca9748\" class=\" counter aligncenter\" >\n    <div class=\"counter__heading\">\n        <span class=\"counter__number\">\n            1760        <\/span>\n        <span class=\"counter__title\">\n            mb        <\/span>\n    <\/div>\n    <div class=\"counter__description\">\n       narrow-gauge trucks 1435mm    <\/div>\n<\/div><\/div>\n\n\n\n<div class=\"wp-block-column is-layout-flow wp-block-column-is-layout-flow\">\n<div id=\"counter-block_60d05fcda9749\" class=\" counter aligncenter\" >\n    <div class=\"counter__heading\">\n        <span class=\"counter__number\">\n            1944        <\/span>\n        <span class=\"counter__title\">\n            mb        <\/span>\n    <\/div>\n    <div class=\"counter__description\">\n       broad-gauge trucks 1520mm    <\/div>\n<\/div><\/div>\n<\/div>\n\n        <\/div>\n    <\/div>\n    <div class=\"background-fancy\">\n        <div class=\"container\">\n                                                        <div class=\"terminals__buttons\">\n                                                                                            <button class=\"terminals__button btn btn-primary\" data-video-link=\"https:\/\/www.krex.pl\/en\/wp-content\/uploads\/filmy\/krex-czuprynowo.mp4\">\n                            Handling terminal in Czuprynowo                         <\/button>\n\n                        \n                                                                                            <button class=\"terminals__button btn btn-light\" data-video-link=\"https:\/\/www.krex.pl\/en\/wp-content\/uploads\/filmy\/krex-siemianowka.mp4\">\n                            Handling Terminal in Siemian\u00f3wka                        <\/button>\n\n                        \n                                    <\/div>\n                    <\/div>\n    <\/div>\n    <div class=\"background-fancy terminals__video_container\">\n        <div class=\"container fancy-video\">\n            <!-- Prosty przyk\u0142ad z elementem video -->\n            <video id=\"terminals__video\" controls crossorigin muted preload=\"metadata\">\n                <source src=\"https:\/\/www.krex.pl\/en\/wp-content\/uploads\/filmy\/krex-czuprynowo.mp4\" type=\"video\/mp4\">\n                Przepraszamy ale Twoja przegl\u0105darka nie potrafi odtwarza\u0107 film\u00f3w za pomoc\u0105 HTML5.\n                Nie przejmuj si\u0119, bo <a href=\"videofile.ogg\">mo\u017cesz go st\u0105d pobra\u0107<\/a>\n                i ogl\u0105da\u0107 za pomoc\u0105 swojego ulubionego odtwarzacza!\n            <\/video>\n        <\/div>\n    <\/div>\n<\/div>\n\n\n\n<h2 class=\"wp-block-heading has-text-align-center display-1\">Our business partners<\/h2>\n\n\n\n<div id=\"krex_separator-block_60d06297a974c\" class=\"krex_separator aligncenter\" >\n    <svg xmlns=\"http:\/\/www.w3.org\/2000\/svg\" width=\"263\" height=\"7\" viewBox=\"0 0 263 7\">\n        <rect id=\"Rectangle_14\" data-name=\"Rectangle 14\" width=\"49\" height=\"7\" transform=\"translate(214)\" fill=\"#11499e\"\/>\n        <rect id=\"Rectangle_15\" data-name=\"Rectangle 15\" width=\"214\" height=\"1\" transform=\"translate(0 3)\" fill=\"#dedede\"\/>\n    <\/svg>\n<\/div>\n\n\n<div id=\"partners_list-block_60d062a1a974d\" class=\"container partners_list mb-60 aligncenter\" >\n    <div>\n            <\/div>\n                <div class=\"partners_list__list\">\n                                                <a class=\"partner_card\" href=\"http:\/\/www.pkpcc.com\/\" target=\"_blank\">\n                \n                    <img loading=\"lazy\" decoding=\"async\" width=\"148\" height=\"148\" src=\"https:\/\/www.krex.pl\/en\/wp-content\/uploads\/2021\/06\/NoPath-\u2014-kopia-7.png\" class=\"attachment-full size-full\" alt=\"\" srcset=\"https:\/\/www.krex.pl\/en\/wp-content\/uploads\/2021\/06\/NoPath-\u2014-kopia-7.png 148w, https:\/\/www.krex.pl\/en\/wp-content\/uploads\/2021\/06\/NoPath-\u2014-kopia-7-100x100.png 100w\" sizes=\"auto, (max-width: 148px) 100vw, 148px\" \/>\n                                    <\/a>\n                                                                <a class=\"partner_card\" href=\"https:\/\/www.pkpcargo.com\/\" target=\"_blank\">\n                \n                    <img loading=\"lazy\" decoding=\"async\" width=\"148\" height=\"148\" src=\"https:\/\/www.krex.pl\/en\/wp-content\/uploads\/2021\/06\/NoPath-\u2014-kopia-8.png\" class=\"attachment-full size-full\" alt=\"\" srcset=\"https:\/\/www.krex.pl\/en\/wp-content\/uploads\/2021\/06\/NoPath-\u2014-kopia-8.png 148w, https:\/\/www.krex.pl\/en\/wp-content\/uploads\/2021\/06\/NoPath-\u2014-kopia-8-100x100.png 100w\" sizes=\"auto, (max-width: 148px) 100vw, 148px\" \/>\n                                    <\/a>\n                                                                <a class=\"partner_card\" href=\"http:\/\/www.skarna.pl\/\" target=\"_blank\">\n                \n                    <img loading=\"lazy\" decoding=\"async\" width=\"148\" height=\"148\" src=\"https:\/\/www.krex.pl\/en\/wp-content\/uploads\/2021\/06\/NoPath.png\" class=\"attachment-full size-full\" alt=\"\" srcset=\"https:\/\/www.krex.pl\/en\/wp-content\/uploads\/2021\/06\/NoPath.png 148w, https:\/\/www.krex.pl\/en\/wp-content\/uploads\/2021\/06\/NoPath-100x100.png 100w\" sizes=\"auto, (max-width: 148px) 100vw, 148px\" \/>\n                                    <\/a>\n                                                                <a class=\"partner_card\" href=\"https:\/\/tisgroup.pl\/\" target=\"_blank\">\n                \n                    <img loading=\"lazy\" decoding=\"async\" width=\"148\" height=\"148\" src=\"https:\/\/www.krex.pl\/en\/wp-content\/uploads\/2021\/06\/NoPath-\u2014-kopia.png\" class=\"attachment-full size-full\" alt=\"\" srcset=\"https:\/\/www.krex.pl\/en\/wp-content\/uploads\/2021\/06\/NoPath-\u2014-kopia.png 148w, https:\/\/www.krex.pl\/en\/wp-content\/uploads\/2021\/06\/NoPath-\u2014-kopia-100x100.png 100w\" sizes=\"auto, (max-width: 148px) 100vw, 148px\" \/>\n                                    <\/a>\n                                                                <a class=\"partner_card\" href=\"https:\/\/hamilton.com.pl\/\" target=\"_blank\">\n                \n                    <img loading=\"lazy\" decoding=\"async\" width=\"148\" height=\"148\" src=\"https:\/\/www.krex.pl\/en\/wp-content\/uploads\/2021\/06\/NoPath-\u2014-kopia-4.png\" class=\"attachment-full size-full\" alt=\"\" srcset=\"https:\/\/www.krex.pl\/en\/wp-content\/uploads\/2021\/06\/NoPath-\u2014-kopia-4.png 148w, https:\/\/www.krex.pl\/en\/wp-content\/uploads\/2021\/06\/NoPath-\u2014-kopia-4-100x100.png 100w\" sizes=\"auto, (max-width: 148px) 100vw, 148px\" \/>\n                                    <\/a>\n                                                                <a class=\"partner_card\" href=\"https:\/\/www.egger.com\/\" target=\"_blank\">\n                \n                    <img loading=\"lazy\" decoding=\"async\" width=\"148\" height=\"148\" src=\"https:\/\/www.krex.pl\/en\/wp-content\/uploads\/2021\/06\/NoPath-\u2014-kopia-9.png\" class=\"attachment-full size-full\" alt=\"\" srcset=\"https:\/\/www.krex.pl\/en\/wp-content\/uploads\/2021\/06\/NoPath-\u2014-kopia-9.png 148w, https:\/\/www.krex.pl\/en\/wp-content\/uploads\/2021\/06\/NoPath-\u2014-kopia-9-100x100.png 100w\" sizes=\"auto, (max-width: 148px) 100vw, 148px\" \/>\n                                    <\/a>\n                                                                <a class=\"partner_card\" href=\"http:\/\/www.ireast.pl\/\" target=\"_blank\">\n                \n                    <img loading=\"lazy\" decoding=\"async\" width=\"148\" height=\"148\" src=\"https:\/\/www.krex.pl\/en\/wp-content\/uploads\/2021\/06\/NoPath-\u2014-kopia-10.png\" class=\"attachment-full size-full\" alt=\"\" srcset=\"https:\/\/www.krex.pl\/en\/wp-content\/uploads\/2021\/06\/NoPath-\u2014-kopia-10.png 148w, https:\/\/www.krex.pl\/en\/wp-content\/uploads\/2021\/06\/NoPath-\u2014-kopia-10-100x100.png 100w\" sizes=\"auto, (max-width: 148px) 100vw, 148px\" \/>\n                                    <\/a>\n                                                                <a class=\"partner_card\" href=\"http:\/\/pkomunalne.pl\/\" target=\"_blank\">\n                \n                    <img loading=\"lazy\" decoding=\"async\" width=\"148\" height=\"148\" src=\"https:\/\/www.krex.pl\/en\/wp-content\/uploads\/2021\/06\/pk-czarna-bialostocka-logo.png\" class=\"attachment-full size-full\" alt=\"\" srcset=\"https:\/\/www.krex.pl\/en\/wp-content\/uploads\/2021\/06\/pk-czarna-bialostocka-logo.png 148w, https:\/\/www.krex.pl\/en\/wp-content\/uploads\/2021\/06\/pk-czarna-bialostocka-logo-100x100.png 100w\" sizes=\"auto, (max-width: 148px) 100vw, 148px\" \/>\n                                    <\/a>\n                                                                <a class=\"partner_card\" href=\"https:\/\/flora-praszka.pl\/\" target=\"_blank\">\n                \n                    <img loading=\"lazy\" decoding=\"async\" width=\"148\" height=\"148\" src=\"https:\/\/www.krex.pl\/en\/wp-content\/uploads\/2021\/06\/logo_flora.png\" class=\"attachment-full size-full\" alt=\"\" srcset=\"https:\/\/www.krex.pl\/en\/wp-content\/uploads\/2021\/06\/logo_flora.png 148w, https:\/\/www.krex.pl\/en\/wp-content\/uploads\/2021\/06\/logo_flora-100x100.png 100w\" sizes=\"auto, (max-width: 148px) 100vw, 148px\" \/>\n                                    <\/a>\n                                                                <a class=\"partner_card\" href=\"http:\/\/www.chemikals.pl\/pl\/\" target=\"_blank\">\n                \n                    <img loading=\"lazy\" decoding=\"async\" width=\"148\" height=\"148\" src=\"https:\/\/www.krex.pl\/en\/wp-content\/uploads\/2021\/06\/NoPath-\u2014-kopia-2.png\" class=\"attachment-full size-full\" alt=\"\" srcset=\"https:\/\/www.krex.pl\/en\/wp-content\/uploads\/2021\/06\/NoPath-\u2014-kopia-2.png 148w, https:\/\/www.krex.pl\/en\/wp-content\/uploads\/2021\/06\/NoPath-\u2014-kopia-2-100x100.png 100w\" sizes=\"auto, (max-width: 148px) 100vw, 148px\" \/>\n                                    <\/a>\n                                    <\/div>\n    <\/div>","protected":false},"excerpt":{"rendered":"<p>Check our offer Our business partners<\/p>\n","protected":false},"author":1,"featured_media":0,"parent":0,"menu_order":0,"comment_status":"closed","ping_status":"closed","template":"","meta":{"inline_featured_image":false,"footnotes":""},"class_list":["post-12","page","type-page","status-publish","hentry"],"_links":{"self":[{"href":"https:\/\/www.krex.pl\/en\/wp-json\/wp\/v2\/pages\/12","targetHints":{"allow":["GET"]}}],"collection":[{"href":"https:\/\/www.krex.pl\/en\/wp-json\/wp\/v2\/pages"}],"about":[{"href":"https:\/\/www.krex.pl\/en\/wp-json\/wp\/v2\/types\/page"}],"author":[{"embeddable":true,"href":"https:\/\/www.krex.pl\/en\/wp-json\/wp\/v2\/users\/1"}],"replies":[{"embeddable":true,"href":"https:\/\/www.krex.pl\/en\/wp-json\/wp\/v2\/comments?post=12"}],"version-history":[{"count":112,"href":"https:\/\/www.krex.pl\/en\/wp-json\/wp\/v2\/pages\/12\/revisions"}],"predecessor-version":[{"id":1295,"href":"https:\/\/www.krex.pl\/en\/wp-json\/wp\/v2\/pages\/12\/revisions\/1295"}],"wp:attachment":[{"href":"https:\/\/www.krex.pl\/en\/wp-json\/wp\/v2\/media?parent=12"}],"curies":[{"name":"wp","href":"https:\/\/api.w.org\/{rel}","templated":true}]}}