{"id":14,"date":"2021-06-18T13:22:13","date_gmt":"2021-06-18T11:22:13","guid":{"rendered":"https:\/\/www.krex.pl\/en\/?page_id=14"},"modified":"2025-08-12T13:34:58","modified_gmt":"2025-08-12T11:34:58","slug":"about","status":"publish","type":"page","link":"https:\/\/www.krex.pl\/en\/about\/","title":{"rendered":"About"},"content":{"rendered":"\n<div id=\"hero_section-block_60d0686f7c148\" class=\"container-fluid hero_section__top background-fancy hero_section\" >\n    <div class=\"hero_section__left_column container background-fancy-container krex_dots_before krex_dots_after\">\n        <div class=\"hero_section__left_column_inner\">\n            \n\n<h1 class=\"wp-block-heading display-1\">We&#8217;re a highly valued distributor of wood chips, pellets, coal, road salt and mineral fertilizers.<\/h1>\n\n\n\n<div id=\"krex_separator-block_60d068aa7c149\" class=\"krex_separator\" >\n    <svg xmlns=\"http:\/\/www.w3.org\/2000\/svg\" width=\"263\" height=\"7\" viewBox=\"0 0 263 7\">\n        <rect id=\"Rectangle_14\" data-name=\"Rectangle 14\" width=\"49\" height=\"7\" transform=\"translate(214)\" fill=\"#11499e\"\/>\n        <rect id=\"Rectangle_15\" data-name=\"Rectangle 15\" width=\"214\" height=\"1\" transform=\"translate(0 3)\" fill=\"#dedede\"\/>\n    <\/svg>\n<\/div>\n\n\n<p>We&#8217;ve been on the market since 1993 and we&#8217;re a company based on Polish capital. Our goal is supplying necessary products to power engineering, manufacturing and agricultural industries.<\/p>\n\n\n\n<div class=\"wp-block-buttons is-layout-flex wp-block-buttons-is-layout-flex\">\n<div class=\"wp-block-button btn-primary\"><a class=\"wp-block-button__link has-white-color has-text-color wp-element-button\" href=\"https:\/\/www.krex.pl\/en\/o-nas\/#film\" rel=\"\">Watch our video<\/a><\/div>\n<\/div>\n\n        <\/div>\n    <\/div>\n    <div class=\"hero_section__right_column\">\n        <img loading=\"lazy\" decoding=\"async\" width=\"850\" height=\"860\" src=\"https:\/\/www.krex.pl\/en\/wp-content\/uploads\/2021\/06\/Terminal-przeladunkowy-w-Siemianowce_8-min.jpg\" class=\"attachment-post-thumbnail size-post-thumbnail wp-post-image\" alt=\"\" srcset=\"https:\/\/www.krex.pl\/en\/wp-content\/uploads\/2021\/06\/Terminal-przeladunkowy-w-Siemianowce_8-min.jpg 850w, https:\/\/www.krex.pl\/en\/wp-content\/uploads\/2021\/06\/Terminal-przeladunkowy-w-Siemianowce_8-min-100x100.jpg 100w, https:\/\/www.krex.pl\/en\/wp-content\/uploads\/2021\/06\/Terminal-przeladunkowy-w-Siemianowce_8-min-600x607.jpg 600w, https:\/\/www.krex.pl\/en\/wp-content\/uploads\/2021\/06\/Terminal-przeladunkowy-w-Siemianowce_8-min-297x300.jpg 297w, https:\/\/www.krex.pl\/en\/wp-content\/uploads\/2021\/06\/Terminal-przeladunkowy-w-Siemianowce_8-min-768x777.jpg 768w\" sizes=\"auto, (max-width: 850px) 100vw, 850px\" \/>    <\/div>\n    \n        <div class=\"hero_section__bottom\">\n\n            <div class=\"container hero_section__bottom_container\">\n\n                <p style=\"text-align: center;\">We have our own reloading terminals in Czuprynowo (at the border crossing: Bruzgi \/ Ku\u017anica Bia\u0142ostocka) and Siemian\u00f3wka (at the border crossing: Swis\u0142ocz \/ Siemian\u00f3wka), which allow us meet customers needs and always be on time.<br \/>\nWe have also a machinery park which is being constantly developed. It enables us to provide efficient and smooth flow of goods through our units.<\/p>\n            \n            <\/div>\n\n        <\/div>\n\n    <\/div>\n\n\n<div class=\"wp-block-group container krex_dots_bottom py-120\"><div class=\"wp-block-group__inner-container is-layout-flow wp-block-group-is-layout-flow\">\n<div class=\"wp-block-columns is-layout-flex wp-container-core-columns-is-layout-9d6595d7 wp-block-columns-is-layout-flex\">\n<div class=\"wp-block-column is-layout-flow wp-block-column-is-layout-flow\">\n<figure class=\"wp-block-image size-large\"><img loading=\"lazy\" decoding=\"async\" width=\"652\" height=\"861\" src=\"https:\/\/www.krex.pl\/en\/wp-content\/uploads\/2021\/06\/krex-firme-tworza-ludzie.jpeg\" alt=\"\" class=\"wp-image-688\" srcset=\"https:\/\/www.krex.pl\/en\/wp-content\/uploads\/2021\/06\/krex-firme-tworza-ludzie.jpeg 652w, https:\/\/www.krex.pl\/en\/wp-content\/uploads\/2021\/06\/krex-firme-tworza-ludzie-227x300.jpeg 227w, https:\/\/www.krex.pl\/en\/wp-content\/uploads\/2021\/06\/krex-firme-tworza-ludzie-600x792.jpeg 600w\" sizes=\"auto, (max-width: 652px) 100vw, 652px\" \/><\/figure>\n<\/div>\n\n\n\n<div class=\"wp-block-column is-vertically-aligned-center is-layout-flow wp-block-column-is-layout-flow\">\n<h2 class=\"wp-block-heading display-1\">Our company is our people<\/h2>\n\n\n\n<div id=\"krex_separator-block_60d06ce87c14a\" class=\"krex_separator\" >\n    <svg xmlns=\"http:\/\/www.w3.org\/2000\/svg\" width=\"263\" height=\"7\" viewBox=\"0 0 263 7\">\n        <rect id=\"Rectangle_14\" data-name=\"Rectangle 14\" width=\"49\" height=\"7\" transform=\"translate(214)\" fill=\"#11499e\"\/>\n        <rect id=\"Rectangle_15\" data-name=\"Rectangle 15\" width=\"214\" height=\"1\" transform=\"translate(0 3)\" fill=\"#dedede\"\/>\n    <\/svg>\n<\/div>\n\n\n<p>Our established position on the market and rich experience couldn&#8217;t be achieved without qualified staff, who let us meet our clients&#8217; requirements.<\/p>\n\n\n\n<p><\/p>\n\n\n\n<p>Our priority is not only sales, but also advising our clients. Our employees have deep knowledge and experience which enable them to help our clients choose the best solutions. We have an individual approach to each order, taking into account the interest of the client, and also thinking of sustainability of our planet.<\/p>\n<\/div>\n<\/div>\n<\/div><\/div>\n\n\n\n<div id=\"film\" class=\"wp-block-group container-fluid about_us__video_section\" style=\"padding-top:0px;padding-right:0px;padding-bottom:0px;padding-left:0px\"><div class=\"wp-block-group__inner-container is-layout-flow wp-block-group-is-layout-flow\">\n<h2 class=\"wp-block-heading has-text-align-center mb-30 display-1\">This is how we work<\/h2>\n\n\n\n<div id=\"krex_separator-block_60ec143a61582\" class=\"krex_separator aligncenter\" >\n    <svg xmlns=\"http:\/\/www.w3.org\/2000\/svg\" width=\"263\" height=\"7\" viewBox=\"0 0 263 7\">\n        <rect id=\"Rectangle_14\" data-name=\"Rectangle 14\" width=\"49\" height=\"7\" transform=\"translate(214)\" fill=\"#11499e\"\/>\n        <rect id=\"Rectangle_15\" data-name=\"Rectangle 15\" width=\"214\" height=\"1\" transform=\"translate(0 3)\" fill=\"#dedede\"\/>\n    <\/svg>\n<\/div>\n\n\n<figure class=\"wp-block-video container fancy-video\"><video controls poster=\"https:\/\/www.krex.pl\/en\/wp-content\/uploads\/2021\/07\/krex-o-nas-poster.jpg\" src=\"https:\/\/www.krex.pl\/en\/wp-content\/uploads\/filmy\/krex-onas.mp4\"><\/video><\/figure>\n<\/div><\/div>\n\n\n\n<div class=\"wp-block-group mb-60 py-120 container-fluid krex_dots_top has-background\" style=\"background-color:#f8f8ff;padding-top:0px;padding-right:0px;padding-bottom:0px;padding-left:0px\"><div class=\"wp-block-group__inner-container is-layout-flow wp-block-group-is-layout-flow\">\n<div class=\"wp-block-columns container is-layout-flex wp-container-core-columns-is-layout-9d6595d7 wp-block-columns-is-layout-flex\">\n<div class=\"wp-block-column is-vertically-aligned-center is-layout-flow wp-block-column-is-layout-flow\">\n<h2 class=\"wp-block-heading display-1\">We prioritize quality<\/h2>\n\n\n\n<div id=\"krex_separator-block_60d0719c7c14b\" class=\"krex_separator\" >\n    <svg xmlns=\"http:\/\/www.w3.org\/2000\/svg\" width=\"263\" height=\"7\" viewBox=\"0 0 263 7\">\n        <rect id=\"Rectangle_14\" data-name=\"Rectangle 14\" width=\"49\" height=\"7\" transform=\"translate(214)\" fill=\"#11499e\"\/>\n        <rect id=\"Rectangle_15\" data-name=\"Rectangle 15\" width=\"214\" height=\"1\" transform=\"translate(0 3)\" fill=\"#dedede\"\/>\n    <\/svg>\n<\/div>\n\n\n<p>We have developed and implemented Due Diligence System (DDS) procedures. We are a company that uses wood from forests managed <br>in accordance with the principles of responsible forest management.<\/p>\n\n\n\n<p><\/p>\n\n\n\n<p><\/p>\n<\/div>\n<\/div>\n<\/div><\/div>\n\n\n\n<p><\/p>\n","protected":false},"excerpt":{"rendered":"<p>Our company is our people Our established position on the market and rich experience couldn&#8217;t be achieved without qualified staff, who let us meet our clients&#8217; requirements. Our priority is not only sales, but also advising our clients. Our employees have deep knowledge and experience which enable them to help our clients choose the best [&hellip;]<\/p>\n","protected":false},"author":1,"featured_media":243,"parent":0,"menu_order":0,"comment_status":"closed","ping_status":"closed","template":"","meta":{"inline_featured_image":false,"footnotes":""},"class_list":["post-14","page","type-page","status-publish","has-post-thumbnail","hentry"],"_links":{"self":[{"href":"https:\/\/www.krex.pl\/en\/wp-json\/wp\/v2\/pages\/14","targetHints":{"allow":["GET"]}}],"collection":[{"href":"https:\/\/www.krex.pl\/en\/wp-json\/wp\/v2\/pages"}],"about":[{"href":"https:\/\/www.krex.pl\/en\/wp-json\/wp\/v2\/types\/page"}],"author":[{"embeddable":true,"href":"https:\/\/www.krex.pl\/en\/wp-json\/wp\/v2\/users\/1"}],"replies":[{"embeddable":true,"href":"https:\/\/www.krex.pl\/en\/wp-json\/wp\/v2\/comments?post=14"}],"version-history":[{"count":73,"href":"https:\/\/www.krex.pl\/en\/wp-json\/wp\/v2\/pages\/14\/revisions"}],"predecessor-version":[{"id":1282,"href":"https:\/\/www.krex.pl\/en\/wp-json\/wp\/v2\/pages\/14\/revisions\/1282"}],"wp:featuredmedia":[{"embeddable":true,"href":"https:\/\/www.krex.pl\/en\/wp-json\/wp\/v2\/media\/243"}],"wp:attachment":[{"href":"https:\/\/www.krex.pl\/en\/wp-json\/wp\/v2\/media?parent=14"}],"curies":[{"name":"wp","href":"https:\/\/api.w.org\/{rel}","templated":true}]}}