{"id":47,"date":"2021-06-18T13:38:47","date_gmt":"2021-06-18T11:38:47","guid":{"rendered":"https:\/\/www.krex.pl\/en\/?page_id=47"},"modified":"2022-06-06T11:45:28","modified_gmt":"2022-06-06T09:45:28","slug":"sprzedaz-hurtowa","status":"publish","type":"page","link":"https:\/\/www.krex.pl\/en\/sprzedaz-hurtowa\/","title":{"rendered":"Sprzeda\u017c hurtowa"},"content":{"rendered":"\n<div class=\"wp-block-group container-narrow\"><div class=\"wp-block-group__inner-container is-layout-flow wp-block-group-is-layout-flow\">\n<h1 class=\"display-1 mt-60 wp-block-heading\">Sprzeda\u017c hurtowa<\/h1>\n\n\n\n<div id=\"krex_separator-block_60d1db77aa723\" class=\"krex_separator\" >\n    <svg xmlns=\"http:\/\/www.w3.org\/2000\/svg\" width=\"263\" height=\"7\" viewBox=\"0 0 263 7\">\n        <rect id=\"Rectangle_14\" data-name=\"Rectangle 14\" width=\"49\" height=\"7\" transform=\"translate(214)\" fill=\"#11499e\"\/>\n        <rect id=\"Rectangle_15\" data-name=\"Rectangle 15\" width=\"214\" height=\"1\" transform=\"translate(0 3)\" fill=\"#dedede\"\/>\n    <\/svg>\n<\/div>\n\n\n<p><\/p>\n\n\n\n<p>Pellet drzewny jako opa\u0142 staje si\u0119 coraz bardziej popularny. Kupuj\u0105c ilo\u015bci hurtowe wprost od producenta mamy gwarancj\u0119 najwy\u017cszej jako\u015bci. W Zak\u0142adzie Produkcyjnym Pelletu w Szepietowie przestrzegamy wszelkich niezb\u0119dnych procedur kontroli jako\u015bci, czego efektem ko\u0144cowym s\u0105 nasze pellety:<\/p>\n<ul style=\"margin-left:20px;\">\n<li>PRIMO PELLET ENplus A1<\/li>\n<li>ECO PELLET<\/li>\n<\/ul>\n\n\n\n<p><\/p>\n\n\n\n<p>Zaopatruj\u0105c si\u0119 w pellet od producenta odbiorca ma pewno\u015b\u0107, \u017ce jest on wytwarzany, pakowany i magazynowany w odpowiednich warunkach. Stali klienci mog\u0105 liczy\u0107 na atrakcyjne rabaty cenowe.<\/p>\n\n\n\n<p><\/p>\n\n\n\n<p>Na jednej palecie standardowo znajduje si\u0119 70 work\u00f3w, o \u0142\u0105cznej wadze 1050 kg. Istnieje r\u00f3wnie\u017c mo\u017cliwo\u015b\u0107 u\u0142o\u017cenia innej ilo\u015bci dostosowanej do potrzeb klienta.<\/p>\n\n\n\n<p><\/p>\n\n\n\n<p>Mniejsze ilo\u015bci do przetestowania naszych produkt\u00f3w dost\u0119pne s\u0105 od r\u0119ki w <a href=\"https:\/\/www.krex.pl\/en\/sklep\/\" data-type=\"URL\" data-id=\"https:\/\/www.krex.pl\/en\/sklep\/\">sklepie online<\/a>.<\/p>\n\n\n\n<h2 class=\"has-text-align-left wp-block-heading\"><strong>Najlepszy pellet w najkorzystniejszej cenie na rynku<\/strong><\/h2>\n\n\n\n<div id=\"krex_separator-block_60d1de88aa724\" class=\"krex_separator alignleft\" >\n    <svg xmlns=\"http:\/\/www.w3.org\/2000\/svg\" width=\"263\" height=\"7\" viewBox=\"0 0 263 7\">\n        <rect id=\"Rectangle_14\" data-name=\"Rectangle 14\" width=\"49\" height=\"7\" transform=\"translate(214)\" fill=\"#11499e\"\/>\n        <rect id=\"Rectangle_15\" data-name=\"Rectangle 15\" width=\"214\" height=\"1\" transform=\"translate(0 3)\" fill=\"#dedede\"\/>\n    <\/svg>\n<\/div>\n\n\n<p>Zapraszamy do kontaktu z naszymi sprzedawcami w celu otrzymania atrakcyjnej oferty cenowej. W zwi\u0105zku z sezonowo\u015bci\u0105, dost\u0119pno\u015bci\u0105 surowca i kosztami energii, cena pelletu nieustannie si\u0119 zmienia, jednak zawsze staramy si\u0119 utrzyma\u0107 j\u0105 na poziomie atrakcyjnym dla naszych klient\u00f3w. Za dodatkow\u0105 op\u0142at\u0105 \u015bwiadczymy us\u0142ugi logistyczne, wsp\u00f3\u0142pracujemy z do\u015bwiadczonymi firmami transportowymi.<\/p>\n\n\n\n<h2 class=\"has-text-align-left wp-block-heading\"><strong>W celu uzyskania oferty cenowej prosimy o wype\u0142nienie formularza<\/strong><\/h2>\n\n\n\n<div id=\"krex_separator-block_60d1df14aa725\" class=\"krex_separator alignleft\" >\n    <svg xmlns=\"http:\/\/www.w3.org\/2000\/svg\" width=\"263\" height=\"7\" viewBox=\"0 0 263 7\">\n        <rect id=\"Rectangle_14\" data-name=\"Rectangle 14\" width=\"49\" height=\"7\" transform=\"translate(214)\" fill=\"#11499e\"\/>\n        <rect id=\"Rectangle_15\" data-name=\"Rectangle 15\" width=\"214\" height=\"1\" transform=\"translate(0 3)\" fill=\"#dedede\"\/>\n    <\/svg>\n<\/div>\n\n\n<div class=\"wp-block-contact-form-7-contact-form-selector\"><div role=\"form\" class=\"wpcf7\" id=\"wpcf7-f669-o1\" lang=\"pl-PL\" dir=\"ltr\">\n<div class=\"screen-reader-response\"><p role=\"status\" aria-live=\"polite\" aria-atomic=\"true\"><\/p> <ul><\/ul><\/div>\n<form action=\"\/en\/wp-json\/wp\/v2\/pages\/47#wpcf7-f669-o1\" method=\"post\" class=\"wpcf7-form init\" novalidate=\"novalidate\" data-status=\"init\">\n<div style=\"display: none;\">\n<input type=\"hidden\" name=\"_wpcf7\" value=\"669\" \/>\n<input type=\"hidden\" name=\"_wpcf7_version\" value=\"5.5.6\" \/>\n<input type=\"hidden\" name=\"_wpcf7_locale\" value=\"pl_PL\" \/>\n<input type=\"hidden\" name=\"_wpcf7_unit_tag\" value=\"wpcf7-f669-o1\" \/>\n<input type=\"hidden\" name=\"_wpcf7_container_post\" value=\"0\" \/>\n<input type=\"hidden\" name=\"_wpcf7_posted_data_hash\" value=\"\" \/>\n<input type=\"hidden\" name=\"_wpcf7_recaptcha_response\" value=\"\" \/>\n<\/div>\n<p><label> Imi\u0119 i nazwisko<br \/>\n    <span class=\"wpcf7-form-control-wrap your-name\"><input type=\"text\" name=\"your-name\" value=\"\" size=\"40\" class=\"wpcf7-form-control wpcf7-text wpcf7-validates-as-required\" aria-required=\"true\" aria-invalid=\"false\" \/><\/span> <\/label><\/p>\n<p><label> Nazwa firmy<br \/>\n    <span class=\"wpcf7-form-control-wrap your-company\"><input type=\"text\" name=\"your-company\" value=\"\" size=\"40\" class=\"wpcf7-form-control wpcf7-text wpcf7-validates-as-required\" aria-required=\"true\" aria-invalid=\"false\" \/><\/span> <\/label><\/p>\n<p><label> Adres e-mail<br \/>\n    <span class=\"wpcf7-form-control-wrap your-email\"><input type=\"email\" name=\"your-email\" value=\"\" size=\"40\" class=\"wpcf7-form-control wpcf7-text wpcf7-email wpcf7-validates-as-required wpcf7-validates-as-email\" aria-required=\"true\" aria-invalid=\"false\" \/><\/span> <\/label><\/p>\n<p><label> Telefon<br \/>\n<span class=\"wpcf7-form-control-wrap tel\"><input type=\"tel\" name=\"tel\" value=\"\" size=\"40\" class=\"wpcf7-form-control wpcf7-text wpcf7-tel wpcf7-validates-as-required wpcf7-validates-as-tel\" aria-required=\"true\" aria-invalid=\"false\" \/><\/span> <\/label><\/p>\n<p><label> Wiadomo\u015b\u0107<br \/>\n    <span class=\"wpcf7-form-control-wrap your-message\"><textarea name=\"your-message\" cols=\"40\" rows=\"10\" class=\"wpcf7-form-control wpcf7-textarea wpcf7-validates-as-required\" aria-required=\"true\" aria-invalid=\"false\"><\/textarea><\/span> <\/label><\/p>\n<p><label>Zapozna\u0142em si\u0119 i akceptuj\u0119 <a href=\"https:\/\/www.krex.pl\/en\/polityka-prywatnosci\">Informacj\u0119 o przetwarzaniu danych osobowych przez firm\u0119 Krex Sp. z o.o..<\/a><span class=\"wpcf7-form-control-wrap acceptance\"><span class=\"wpcf7-form-control wpcf7-acceptance\"><span class=\"wpcf7-list-item\"><input type=\"checkbox\" name=\"acceptance\" value=\"1\" aria-invalid=\"false\" \/><\/span><\/span><\/span><\/label><\/p>\n<p><input type=\"submit\" value=\"Wy\u015blij formularz\" class=\"wpcf7-form-control has-spinner wpcf7-submit btn-outline-primary\" \/><\/p>\n<div class=\"wpcf7-response-output\" aria-hidden=\"true\"><\/div><\/form><\/div><\/div>\n<\/div><\/div>\n\n\n\n<p><\/p>\n","protected":false},"excerpt":{"rendered":"<p>Sprzeda\u017c hurtowa Pellet drzewny jako opa\u0142 staje si\u0119 coraz bardziej popularny. Kupuj\u0105c ilo\u015bci hurtowe wprost od producenta mamy gwarancj\u0119 najwy\u017cszej jako\u015bci. W Zak\u0142adzie Produkcyjnym Pelletu w Szepietowie przestrzegamy wszelkich niezb\u0119dnych procedur kontroli jako\u015bci, czego efektem ko\u0144cowym s\u0105 nasze pellety: PRIMO PELLET ENplus A1 ECO PELLET Zaopatruj\u0105c si\u0119 w pellet od producenta odbiorca ma pewno\u015b\u0107, \u017ce [&hellip;]<\/p>\n","protected":false},"author":1,"featured_media":0,"parent":0,"menu_order":0,"comment_status":"closed","ping_status":"closed","template":"","meta":{"inline_featured_image":false,"footnotes":""},"class_list":["post-47","page","type-page","status-publish","hentry"],"_links":{"self":[{"href":"https:\/\/www.krex.pl\/en\/wp-json\/wp\/v2\/pages\/47","targetHints":{"allow":["GET"]}}],"collection":[{"href":"https:\/\/www.krex.pl\/en\/wp-json\/wp\/v2\/pages"}],"about":[{"href":"https:\/\/www.krex.pl\/en\/wp-json\/wp\/v2\/types\/page"}],"author":[{"embeddable":true,"href":"https:\/\/www.krex.pl\/en\/wp-json\/wp\/v2\/users\/1"}],"replies":[{"embeddable":true,"href":"https:\/\/www.krex.pl\/en\/wp-json\/wp\/v2\/comments?post=47"}],"version-history":[{"count":14,"href":"https:\/\/www.krex.pl\/en\/wp-json\/wp\/v2\/pages\/47\/revisions"}],"predecessor-version":[{"id":1099,"href":"https:\/\/www.krex.pl\/en\/wp-json\/wp\/v2\/pages\/47\/revisions\/1099"}],"wp:attachment":[{"href":"https:\/\/www.krex.pl\/en\/wp-json\/wp\/v2\/media?parent=47"}],"curies":[{"name":"wp","href":"https:\/\/api.w.org\/{rel}","templated":true}]}}