{"id":640,"date":"2021-06-22T14:51:15","date_gmt":"2021-06-22T12:51:15","guid":{"rendered":"https:\/\/www.krex.pl\/en\/?page_id=640"},"modified":"2022-03-15T14:16:12","modified_gmt":"2022-03-15T13:16:12","slug":"regulamin-konta","status":"publish","type":"page","link":"https:\/\/www.krex.pl\/en\/regulamin-konta\/","title":{"rendered":"Regulamin konta"},"content":{"rendered":"\n<div class=\"wp-block-group mb-30 container-narrow\"><div class=\"wp-block-group__inner-container is-layout-flow wp-block-group-is-layout-flow\">\n<h2 class=\"wp-block-heading\"><strong>Regulamin konta<\/strong><\/h2>\n\n\n\n<p>w&nbsp;sklepie Sklep Krex<\/p>\n\n\n\n<p><strong>Postanowienia dotycz\u0105ce Przedsi\u0119biorcy uprzywilejowanego maj\u0105 zastosowanie do&nbsp;um\u00f3w zawartych od&nbsp;dnia 1 stycznia 2021 r.<\/strong><\/p>\n\n\n\n<p><strong>SPIS TRE\u015aCI<\/strong><br><strong>\u00a7 1<\/strong>&nbsp;Definicje<br><strong>\u00a7 2<\/strong>&nbsp;Kontakt ze&nbsp;Sprzedawc\u0105<br><strong>\u00a7 3<\/strong>&nbsp;Wymogi techniczne<br><strong>\u00a7 4<\/strong>&nbsp;Konto<br><strong>\u00a7 5<\/strong>&nbsp;Reklamacje<br><strong>\u00a7 6<\/strong>&nbsp;Dane osobowe<br><strong>\u00a7 7<\/strong>&nbsp;Zastrze\u017cenia<\/p>\n\n\n\n<p><\/p>\n\n\n\n<h2 class=\"wp-block-heading\"><strong>\u00a7 1 DEFINICJE<\/strong><\/h2>\n\n\n\n<p><strong>Konsument<\/strong>&nbsp;\u2013 konsument w&nbsp;rozumieniu przepis\u00f3w Kodeksu cywilnego.<br><strong>Konto<\/strong>&nbsp;\u2013 uregulowana w&nbsp;Regulaminie nieodp\u0142atna funkcja Sklepu (us\u0142uga), dzi\u0119ki kt\u00f3rej&nbsp;Kupuj\u0105cy mo\u017ce za\u0142o\u017cy\u0107 w&nbsp;Sklepie swoje indywidualne konto.<br><strong>Kupuj\u0105cy<\/strong>&nbsp;\u2013 ka\u017cdy podmiot kupuj\u0105cy w&nbsp;Sklepie.<br><strong>Kupuj\u0105cy uprzywilejowany<\/strong>&nbsp;\u2013 Konsument lub Przedsi\u0119biorca uprzywilejowany.<br><strong>Przedsi\u0119biorca uprzywilejowany<\/strong>&nbsp;\u2013 osoba fizyczna zawieraj\u0105ca ze&nbsp;Sprzedawc\u0105 umow\u0119 bezpo\u015brednio zwi\u0105zan\u0105 z&nbsp;jej dzia\u0142alno\u015bci\u0105 gospodarcz\u0105, ale&nbsp;nieposiadaj\u0105c\u0105 dla niej charakteru zawodowego (definicja obowi\u0105zuje dla um\u00f3w zawartych od&nbsp;dnia 1 stycznia 2021 r.).<br><strong>Regulamin<\/strong>&nbsp;\u2013 niniejszy regulamin Konta.<br><strong>Sklep<\/strong>&nbsp;\u2013 sklep internetowy Sklep Krex prowadzony przez&nbsp;Sprzedawc\u0119 pod&nbsp;adresem https:\/\/www.krex.pl\/en\/sklep\/<br><strong>Sprzedawca<\/strong>&nbsp;\u2013 KREX SP\u00d3\u0141KA Z&nbsp;OGRANICZON\u0104 ODPOWIEDZIALNO\u015aCI\u0104 z&nbsp;siedzib\u0105 pod&nbsp;adresem ul.&nbsp;Kleszczelowska 84 A, 17-100 Bielsk Podlaski, wpisana do&nbsp;Krajowego Rejestru S\u0105dowego \u2013 rejestru przedsi\u0119biorc\u00f3w przez&nbsp; S\u0104D REJONOWY W&nbsp;BIA\u0141YMSTOKU, XII WYDZIA\u0141 GOSPODARCZY KRAJOWEGO REJESTRU S\u0104DOWEGO, pod&nbsp;nr&nbsp;KRS 0000118550, NIP 5422424624, nr REGON 050583379, kapita\u0142 zak\u0142adowy 1150000,00 z\u0142.<\/p>\n\n\n\n<p><\/p>\n\n\n\n<h2 class=\"wp-block-heading\"><strong>\u00a7 2 KONTAKT ZE&nbsp;SPRZEDAWC\u0104<\/strong><\/h2>\n\n\n\n<ol class=\"wp-block-list\"><li>Adres pocztowy: ul.&nbsp;Kleszczelowska 84 A, 17-100 Bielsk Podlaski<\/li><li>Adres e-mail: sklep@www.krex.pl<\/li><li>Telefon: 532748355<\/li><\/ol>\n\n\n\n<h2 class=\"mt-30 wp-block-heading\"><strong>\u00a7 3 WYMOGI TECHNICZNE<\/strong><\/h2>\n\n\n\n<ol class=\"wp-block-list\"><li>Dla prawid\u0142owego funkcjonowania i&nbsp;za\u0142o\u017cenia Konta potrzebne jest:<ul><li>aktywne konto e-mail<\/li><li>urz\u0105dzenie z&nbsp;dost\u0119pem do&nbsp;Internetu<\/li><li>przegl\u0105darka internetowa obs\u0142uguj\u0105ca JavaScript i&nbsp;pliki cookies<\/li><\/ul><\/li><\/ol>\n\n\n\n<p><\/p>\n\n\n\n<h2 class=\"wp-block-heading\"><strong>\u00a7 4 KONTO<\/strong><\/h2>\n\n\n\n<ol class=\"wp-block-list\"><li>Za\u0142o\u017cenie Konta jest ca\u0142kowicie dobrowolne i&nbsp;zale\u017cne od&nbsp;woli Kupuj\u0105cego.<\/li><li>Konto daje Kupuj\u0105cemu dodatkowe mo\u017cliwo\u015bci, takie jak: przegl\u0105danie historii zam\u00f3wie\u0144 z\u0142o\u017conych przez&nbsp;Kupuj\u0105cego w&nbsp;Sklepie, sprawdzenie statusu zam\u00f3wienia czy&nbsp;samodzielna edycja danych Kupuj\u0105cego.<\/li><li>W&nbsp;celu za\u0142o\u017cenia Konta nale\u017cy wype\u0142ni\u0107 stosowny formularz w&nbsp;Sklepie.<\/li><li>W&nbsp;momencie za\u0142o\u017cenia Konta zawierana jest na&nbsp;czas nieokre\u015blony pomi\u0119dzy Kupuj\u0105cym a&nbsp;Sprzedawc\u0105 umowa w&nbsp;zakresie prowadzenia Konta na&nbsp;zasadach wskazanych w&nbsp;Regulaminie.<\/li><li>Kupuj\u0105cy mo\u017ce bez&nbsp;ponoszenia jakichkolwiek koszt\u00f3w w&nbsp;ka\u017cdym czasie zrezygnowa\u0107 z&nbsp;Konta.<\/li><li>W&nbsp;celu dokonania rezygnacji z&nbsp;Konta nale\u017cy wys\u0142a\u0107 swoj\u0105 rezygnacj\u0119 do&nbsp;Sprzedawcy na&nbsp;adres e-mail: sklep@www.krex.pl, czego skutkiem b\u0119dzie niezw\u0142oczne usuni\u0119cie Konta oraz rozwi\u0105zanie umowy w&nbsp;zakresie prowadzenia Konta.<\/li><\/ol>\n\n\n\n<p><\/p>\n\n\n\n<h2 class=\"wp-block-heading\"><strong>\u00a7 5 REKLAMACJE<\/strong><\/h2>\n\n\n\n<ol class=\"wp-block-list\"><li>Reklamacje dotycz\u0105ce funkcjonowania Konta nale\u017cy kierowa\u0107 na&nbsp;adres e-mail: sklep@www.krex.pl.<\/li><li>Rozpatrzenie reklamacji przez&nbsp;Sprzedawc\u0119 nast\u0105pi w&nbsp;terminie do&nbsp;14 dni.<br><br><strong>POZAS\u0104DOWE SPOSOBY ROZPATRYWANIA REKLAMACJI I&nbsp;DOCHODZENIA ROSZCZE\u0143<\/strong><\/li><li>W&nbsp;przypadku gdy&nbsp;post\u0119powanie reklamacyjne nie&nbsp;przyniesie oczekiwanego przez&nbsp;Konsumenta rezultatu Konsument mo\u017ce skorzysta\u0107 m.in.&nbsp;z:<ul><li>mediacji prowadzonej przez&nbsp;w\u0142a\u015bciwy terenowo Wojew\u00f3dzki Inspektorat Inspekcji Handlowej, do&nbsp;kt\u00f3rego nale\u017cy si\u0119 zwr\u00f3ci\u0107 z&nbsp;wnioskiem o&nbsp;mediacj\u0119. Co do&nbsp;zasady post\u0119powanie jest bezp\u0142atne. Wykaz Inspektorat\u00f3w znajduje si\u0119 tutaj: https:\/\/www.uokik.gov.pl\/wazne_adresy.php#faq595;<\/li><li>pomocy w\u0142a\u015bciwego terenowo sta\u0142ego polubownego s\u0105du konsumenckiego dzia\u0142aj\u0105cego przy Wojew\u00f3dzkim Inspektoracie Inspekcji Handlowej, do&nbsp;kt\u00f3rego&nbsp;nale\u017cy z\u0142o\u017cy\u0107 wniosek o&nbsp;rozpatrzenie sprawy przed&nbsp;s\u0105dem polubownym. Co do&nbsp;zasady post\u0119powanie jest bezp\u0142atne. Wykaz s\u0105d\u00f3w dost\u0119pny jest pod&nbsp;adresem: https:\/\/www.uokik.gov.pl\/wazne_adresy.php#faq596;<\/li><li>bezp\u0142atnej pomocy miejskiego lub powiatowego rzecznika Konsument\u00f3w;<\/li><li>internetowej platformy ODR dost\u0119pnej pod&nbsp;adresem: https:\/\/ec.europa.eu\/consumers\/odr\/main\/?event=main.home.howitworks.<\/li><\/ul><\/li><\/ol>\n\n\n\n<p><\/p>\n\n\n\n<h2 class=\"wp-block-heading\"><strong>\u00a7 6 DANE OSOBOWE<\/strong><\/h2>\n\n\n\n<ol class=\"wp-block-list\"><li>Administratorem Pa\u0144stwa danych osobowych jest Krex Sp. z o.o. ul. Kleszczelowska 84A, 17-100 Bielsk Podlaski. Z Administratorem mo\u017cna si\u0119 kontaktowa\u0107 pod numerem telefonu 85 7306515 oraz za po\u015brednictwem\u00a0 poczty elektronicznej: biuro@www.krex.pl<\/li><li>Zgodnie z art. 37 ust. 1 lit. a) RODO, administrator powo\u0142a\u0142 Inspektora Ochrony Danych, z kt\u00f3rym mo\u017cna si\u0119 kontaktowa\u0107 pod adresem poczty elektronicznej: iod@www.krex.pl<\/li><li>Celem przetwarzania danych Kupuj\u0105cego jest prowadzenie Konta. Podstaw\u0105 przetwarzania danych osobowych s\u0105 dzia\u0142ania podejmowane na\u00a0\u017c\u0105danie Kupuj\u0105cego, zmierzaj\u0105ce do\u00a0 zawarcia umowy (art. 6 ust. 1 lit. b RODO), a\u00a0tak\u017ce prawnie uzasadniony interes Sprzedawcy, polegaj\u0105cy na przetwarzaniu danych w\u00a0celu ustalenia, dochodzenia lub obrony ewentualnych roszcze\u0144 (art. 6 ust. 1 lit. f RODO).<\/li><li>Podanie danych przez\u00a0Kupuj\u0105cego jest dobrowolne, ale\u00a0jednocze\u015bnie konieczne do\u00a0prowadzenia Konta. Niepodanie danych oznacza, \u017ce\u00a0Sprzedawca nie\u00a0b\u0119dzie m\u00f3g\u0142 \u015bwiadczy\u0107 us\u0142ugi prowadzenia Konta.<\/li><li>Dane Kupuj\u0105cego b\u0119d\u0105 przetwarzane do\u00a0momentu, w\u00a0kt\u00f3rym:<ul><li>Konto zostanie usuni\u0119te przez\u00a0Kupuj\u0105cego lub Sprzedawc\u0119 na\u00a0\u017c\u0105danie Kupuj\u0105cego;<\/li><li>ustanie mo\u017cliwo\u015b\u0107 dochodzenia roszcze\u0144 przez\u00a0Kupuj\u0105cego lub Sprzedawc\u0119, zwi\u0105zanych z\u00a0Kontem;<\/li><li>zostanie przyj\u0119ty sprzeciw Kupuj\u0105cego wobec przetwarzania jego danych osobowych \u2013 w\u00a0przypadku gdy podstaw\u0105 przetwarzania danych by\u0142 uzasadniony interes Sprzedawcy<br>\u2013 w\u00a0zale\u017cno\u015bci od\u00a0tego, co ma zastosowanie w\u00a0danym przypadku i\u00a0co nast\u0105pi najp\u00f3\u017aniej.<\/li><\/ul><\/li><\/ol>\n\n\n\n<ol class=\"wp-block-list\" start=\"6\"><li>Kupuj\u0105cemu przys\u0142uguje prawo \u017c\u0105dania:<ul><li>dost\u0119pu do&nbsp;swoich danych osobowych;<\/li><li>ich sprostowania;<\/li><li>usuni\u0119cia;<\/li><li>ograniczenia przetwarzania;<\/li><li>przeniesienia danych do&nbsp;innego administratora<br>a&nbsp;tak\u017ce prawo:<\/li><li>wniesienia w&nbsp;dowolnym momencie sprzeciwu wobec przetwarzania danych z&nbsp;przyczyn zwi\u0105zanych ze&nbsp;szczeg\u00f3ln\u0105 sytuacj\u0105 Kupuj\u0105cego \u2013 wobec przetwarzania dotycz\u0105cych go danych osobowych, opartego na&nbsp;art. 6 ust. 1 lit. f RODO (tj.&nbsp;na&nbsp;prawnie uzasadnionych interesach realizowanych przez&nbsp;administratora).<\/li><\/ul><\/li><li>W&nbsp;celu realizacji swoich praw, Kupuj\u0105cy powinien skontaktowa\u0107 si\u0119 ze&nbsp;Sprzedawc\u0105.<\/li><li>W&nbsp;przypadku gdy&nbsp;Kupuj\u0105cy uzna, \u017ce&nbsp;jego dane s\u0105 przetwarzane niezgodnie z&nbsp;prawem, Kupuj\u0105cy mo\u017ce z\u0142o\u017cy\u0107 skarg\u0119 do Prezesa Urz\u0119du Ochrony Danych Osobowych.<\/li><\/ol>\n\n\n\n<p><\/p>\n\n\n\n<h2 class=\"wp-block-heading\"><strong>\u00a7 7 ZASTRZE\u017bENIA<\/strong><\/h2>\n\n\n\n<ol class=\"wp-block-list\"><li>Zakazane jest dostarczanie przez&nbsp;Kupuj\u0105cego tre\u015bci o&nbsp;charakterze bezprawnym.<\/li><li>Umowa w&nbsp;zakresie prowadzenia Konta zawierana jest w&nbsp;j\u0119zyku polskim.<\/li><li>W&nbsp;przypadku zaistnienia wa\u017cnych przyczyn, o&nbsp;kt\u00f3rych&nbsp;mowa w&nbsp;ust. 4, Sprzedawca ma prawo do&nbsp;zmiany Regulaminu.<\/li><li>Wa\u017cnymi przyczynami, o&nbsp;kt\u00f3rych&nbsp;mowa w&nbsp;ust. 3 s\u0105:<ul><li>konieczno\u015b\u0107 dostosowania Sklepu do&nbsp;przepis\u00f3w prawa maj\u0105cych zastosowanie do&nbsp;dzia\u0142alno\u015bci Sklepu<\/li><li>poprawa bezpiecze\u0144stwa \u015bwiadczonej us\u0142ugi<\/li><li>zmiana funkcjonalno\u015bci Konta wymagaj\u0105ca modyfikacji Regulaminu.<\/li><\/ul><\/li><li>Kupuj\u0105cy zostanie poinformowany o&nbsp;planowanej zmianie Regulaminu co najmniej na&nbsp;7 dni przed&nbsp;wprowadzeniem zmiany w&nbsp;\u017cycie za&nbsp;po\u015brednictwem wiadomo\u015bci e-mail wys\u0142anej na&nbsp;przypisany do&nbsp;Konta adres.<\/li><li>W&nbsp;przypadku gdy&nbsp;Kupuj\u0105cy nie&nbsp;wyrazi akceptacji dla planowanej zmiany, powinien poinformowa\u0107 o&nbsp;tym Sprzedawc\u0119 poprzez wys\u0142anie odpowiedniej wiadomo\u015bci na&nbsp;adres e-mail Sprzedawcy sklep@www.krex.pl, czego skutkiem b\u0119dzie rozwi\u0105zanie umowy w&nbsp;zakresie prowadzenia Konta z&nbsp;chwil\u0105 wej\u015bcia w&nbsp;\u017cycie planowanej zmiany lub wcze\u015bniej, je\u015bli Kupuj\u0105cy zg\u0142osi takie \u017c\u0105danie.<\/li><li>W&nbsp;sytuacji gdy&nbsp;Kupuj\u0105cy nie&nbsp;wyrazi sprzeciwu dla planowanej zmiany do&nbsp;chwili wej\u015bcia jej w&nbsp;\u017cycie przyjmuje si\u0119, \u017ce&nbsp;akceptuje j\u0105, co nie&nbsp;stanowi \u017cadnej przeszkody do&nbsp;rozwi\u0105zania umowy w&nbsp;przysz\u0142o\u015bci.<\/li><li>W&nbsp;przypadku ewentualnego sporu z&nbsp;Kupuj\u0105cym nieb\u0119d\u0105cym Kupuj\u0105cym uprzywilejowanym, s\u0105dem w\u0142a\u015bciwym b\u0119dzie s\u0105d w\u0142a\u015bciwy dla siedziby Sprzedawcy.<\/li><\/ol>\n<\/div><\/div>\n","protected":false},"excerpt":{"rendered":"<p>Regulamin konta w&nbsp;sklepie Sklep Krex Postanowienia dotycz\u0105ce Przedsi\u0119biorcy uprzywilejowanego maj\u0105 zastosowanie do&nbsp;um\u00f3w zawartych od&nbsp;dnia 1 stycznia 2021 r. SPIS TRE\u015aCI\u00a7 1&nbsp;Definicje\u00a7 2&nbsp;Kontakt ze&nbsp;Sprzedawc\u0105\u00a7 3&nbsp;Wymogi techniczne\u00a7 4&nbsp;Konto\u00a7 5&nbsp;Reklamacje\u00a7 6&nbsp;Dane osobowe\u00a7 7&nbsp;Zastrze\u017cenia \u00a7 1 DEFINICJE Konsument&nbsp;\u2013 konsument w&nbsp;rozumieniu przepis\u00f3w Kodeksu cywilnego.Konto&nbsp;\u2013 uregulowana w&nbsp;Regulaminie nieodp\u0142atna funkcja Sklepu (us\u0142uga), dzi\u0119ki kt\u00f3rej&nbsp;Kupuj\u0105cy mo\u017ce za\u0142o\u017cy\u0107 w&nbsp;Sklepie swoje indywidualne konto.Kupuj\u0105cy&nbsp;\u2013 ka\u017cdy podmiot [&hellip;]<\/p>\n","protected":false},"author":2,"featured_media":0,"parent":0,"menu_order":0,"comment_status":"closed","ping_status":"closed","template":"","meta":{"inline_featured_image":false,"footnotes":""},"class_list":["post-640","page","type-page","status-publish","hentry"],"_links":{"self":[{"href":"https:\/\/www.krex.pl\/en\/wp-json\/wp\/v2\/pages\/640","targetHints":{"allow":["GET"]}}],"collection":[{"href":"https:\/\/www.krex.pl\/en\/wp-json\/wp\/v2\/pages"}],"about":[{"href":"https:\/\/www.krex.pl\/en\/wp-json\/wp\/v2\/types\/page"}],"author":[{"embeddable":true,"href":"https:\/\/www.krex.pl\/en\/wp-json\/wp\/v2\/users\/2"}],"replies":[{"embeddable":true,"href":"https:\/\/www.krex.pl\/en\/wp-json\/wp\/v2\/comments?post=640"}],"version-history":[{"count":11,"href":"https:\/\/www.krex.pl\/en\/wp-json\/wp\/v2\/pages\/640\/revisions"}],"predecessor-version":[{"id":1077,"href":"https:\/\/www.krex.pl\/en\/wp-json\/wp\/v2\/pages\/640\/revisions\/1077"}],"wp:attachment":[{"href":"https:\/\/www.krex.pl\/en\/wp-json\/wp\/v2\/media?parent=640"}],"curies":[{"name":"wp","href":"https:\/\/api.w.org\/{rel}","templated":true}]}}