{"id":648,"date":"2021-06-22T14:52:20","date_gmt":"2021-06-22T12:52:20","guid":{"rendered":"https:\/\/www.krex.pl\/en\/?page_id=648"},"modified":"2022-06-06T11:01:57","modified_gmt":"2022-06-06T09:01:57","slug":"platnosci-i-dostawa","status":"publish","type":"page","link":"https:\/\/www.krex.pl\/en\/platnosci-i-dostawa\/","title":{"rendered":"P\u0142atno\u015bci i dostawa"},"content":{"rendered":"\n<h2 class=\"has-text-align-center display-1 wp-block-heading\" id=\"rodo-1\">P\u0142atno\u015bci i dostawa<\/h2>\n\n\n\n<div id=\"krex_separator-block_60d0873b718cf\" class=\"krex_separator aligncenter\" >\n    <svg xmlns=\"http:\/\/www.w3.org\/2000\/svg\" width=\"263\" height=\"7\" viewBox=\"0 0 263 7\">\n        <rect id=\"Rectangle_14\" data-name=\"Rectangle 14\" width=\"49\" height=\"7\" transform=\"translate(214)\" fill=\"#11499e\"\/>\n        <rect id=\"Rectangle_15\" data-name=\"Rectangle 15\" width=\"214\" height=\"1\" transform=\"translate(0 3)\" fill=\"#dedede\"\/>\n    <\/svg>\n<\/div>\n\n\n<div class=\"wp-block-group container-narrow pb-60\"><div class=\"wp-block-group__inner-container is-layout-flow wp-block-group-is-layout-flow\">\n<p>Za&nbsp;z\u0142o\u017cone zam\u00f3wienie mo\u017cna zap\u0142aci\u0107:<\/p>\n\n\n\n<ol class=\"ml-17 wp-block-list\"><li>Zwyk\u0142ym przelewem na\u00a0rachunek bankowy Sprzedawcy:<br>nr konta bankowego: 03 1240 6292 1111 0011 1491 5150<br>w temacie przelewu nale\u017cy wpisa\u0107 nr zam\u00f3wienia<\/li><\/ol>\n\n\n\n<ol start=\"2\" class=\"ml-17 wp-block-list\"><li>Za&nbsp;po\u015brednictwem platformy p\u0142atniczej Przelewy24<\/li><li>Got\u00f3wk\u0105 w&nbsp;momencie odbioru osobistego towaru<\/li><\/ol>\n\n\n\n<p>W&nbsp;przypadku wybrania przez&nbsp;Kupuj\u0105cego p\u0142atno\u015bci z&nbsp;g\u00f3ry, za&nbsp;zam\u00f3wienie nale\u017cy zap\u0142aci\u0107 w terminie 5 dni roboczych od&nbsp;z\u0142o\u017cenia zam\u00f3wienia.<\/p>\n\n\n\n<p>Sprzedawca informuje, \u017ce&nbsp;w&nbsp;przypadku niekt\u00f3rych metod p\u0142atno\u015bci, ze&nbsp;wzgl\u0119du na&nbsp;ich specyfik\u0119, op\u0142acenie zam\u00f3wienia t\u0105 metod\u0105 jest mo\u017cliwe wy\u0142\u0105cznie bezpo\u015brednio po&nbsp;z\u0142o\u017ceniu zam\u00f3wienia.<\/p>\n\n\n\n<p>Termin realizacji zam\u00f3wienia wynosi 7 dni roboczych licz\u0105c od dnia zaksi\u0119gowania wp\u0142aty na koncie Sprzedawcy.<\/p>\n\n\n\n<p>W przypadku, gdy Kupuj\u0105cy wybra\u0142 p\u0142atno\u015b\u0107 z g\u00f3ry za zam\u00f3wienie, Sprzedawca przyst\u0105pi do realizacji zam\u00f3wienia po jego op\u0142aceniu.<\/p>\n\n\n\n<p>Towar dostarczany jest wy\u0142\u0105cznie na terytorium Rzeczypospolitej Polskiej za po\u015brednictwem firmy kurierskiej. Kupuj\u0105cy mo\u017ce r\u00f3wnie\u017c odebra\u0107 towar osobi\u015bcie w Punkcie Odbioru w godzinach jego otwarcia. W przypadku wybrania odbioru osobistego przez Kupuj\u0105cego, towar b\u0119dzie gotowy do odbioru we wskazanym terminie realizacji zam\u00f3wienia, a w przypadku gdy Sprzedawca wskaza\u0142 termin wys\u0142ania towaru \u2013 w tym terminie.<\/p>\n<\/div><\/div>\n","protected":false},"excerpt":{"rendered":"<p>P\u0142atno\u015bci i dostawa Za&nbsp;z\u0142o\u017cone zam\u00f3wienie mo\u017cna zap\u0142aci\u0107: Zwyk\u0142ym przelewem na\u00a0rachunek bankowy Sprzedawcy:nr konta bankowego: 03 1240 6292 1111 0011 1491 5150w temacie przelewu nale\u017cy wpisa\u0107 nr zam\u00f3wienia Za&nbsp;po\u015brednictwem platformy p\u0142atniczej Przelewy24 Got\u00f3wk\u0105 w&nbsp;momencie odbioru osobistego towaru W&nbsp;przypadku wybrania przez&nbsp;Kupuj\u0105cego p\u0142atno\u015bci z&nbsp;g\u00f3ry, za&nbsp;zam\u00f3wienie nale\u017cy zap\u0142aci\u0107 w terminie 5 dni roboczych od&nbsp;z\u0142o\u017cenia zam\u00f3wienia. Sprzedawca informuje, \u017ce&nbsp;w&nbsp;przypadku niekt\u00f3rych [&hellip;]<\/p>\n","protected":false},"author":2,"featured_media":0,"parent":0,"menu_order":0,"comment_status":"closed","ping_status":"closed","template":"","meta":{"inline_featured_image":false,"footnotes":""},"class_list":["post-648","page","type-page","status-publish","hentry"],"_links":{"self":[{"href":"https:\/\/www.krex.pl\/en\/wp-json\/wp\/v2\/pages\/648","targetHints":{"allow":["GET"]}}],"collection":[{"href":"https:\/\/www.krex.pl\/en\/wp-json\/wp\/v2\/pages"}],"about":[{"href":"https:\/\/www.krex.pl\/en\/wp-json\/wp\/v2\/types\/page"}],"author":[{"embeddable":true,"href":"https:\/\/www.krex.pl\/en\/wp-json\/wp\/v2\/users\/2"}],"replies":[{"embeddable":true,"href":"https:\/\/www.krex.pl\/en\/wp-json\/wp\/v2\/comments?post=648"}],"version-history":[{"count":6,"href":"https:\/\/www.krex.pl\/en\/wp-json\/wp\/v2\/pages\/648\/revisions"}],"predecessor-version":[{"id":1095,"href":"https:\/\/www.krex.pl\/en\/wp-json\/wp\/v2\/pages\/648\/revisions\/1095"}],"wp:attachment":[{"href":"https:\/\/www.krex.pl\/en\/wp-json\/wp\/v2\/media?parent=648"}],"curies":[{"name":"wp","href":"https:\/\/api.w.org\/{rel}","templated":true}]}}